{"id":400,"date":"2022-06-08T10:29:47","date_gmt":"2022-06-08T10:29:47","guid":{"rendered":"https:\/\/ecomud.wpengine.com\/why-ecomud\/"},"modified":"2025-11-19T21:54:23","modified_gmt":"2025-11-19T21:54:23","slug":"meilleure-solution-traitement-des-boues-forage","status":"publish","type":"page","link":"https:\/\/ecomud.ca\/fr\/meilleure-solution-traitement-des-boues-forage\/","title":{"rendered":"Pourquoi ECOMUD"},"content":{"rendered":"","protected":false},"excerpt":{"rendered":"","protected":false},"author":2,"featured_media":0,"parent":0,"menu_order":0,"comment_status":"closed","ping_status":"closed","template":"","meta":{"inline_featured_image":false,"footnotes":""},"class_list":["post-400","page","type-page","status-publish","hentry"],"acf":[],"yoast_head":"<!-- This site is optimized with the Yoast SEO plugin v27.3 - https:\/\/yoast.com\/product\/yoast-seo-wordpress\/ -->\n<title>Meilleure solution de traitement des boues de forage - ECOMUD<\/title>\n<meta name=\"description\" content=\"ECOMUD est la meilleure solution de traitement des boues et des eaux g\u00e9n\u00e9r\u00e9es par le forage minier pour r\u00e9pondre aux normes environnementales.\" \/>\n<meta name=\"robots\" content=\"index, nofollow, max-snippet:-1, max-image-preview:large, max-video-preview:-1\" \/>\n<link rel=\"canonical\" href=\"https:\/\/ecomud.ca\/fr\/meilleure-solution-traitement-des-boues-forage\/\" \/>\n<meta property=\"og:locale\" content=\"fr_FR\" \/>\n<meta property=\"og:type\" content=\"article\" \/>\n<meta property=\"og:title\" content=\"Meilleure solution de traitement des boues - ECOMUD\" \/>\n<meta property=\"og:description\" content=\"ECOMUD est la meilleure solution de traitement des boues et des eaux g\u00e9n\u00e9r\u00e9es par le forage minier pour r\u00e9pondre aux normes environnementales.\" \/>\n<meta property=\"og:url\" content=\"https:\/\/ecomud.ca\/fr\/meilleure-solution-traitement-des-boues-forage\/\" \/>\n<meta property=\"og:site_name\" content=\"ECOMUD\" \/>\n<meta property=\"article:modified_time\" content=\"2025-11-19T21:54:23+00:00\" \/>\n<meta property=\"og:image\" content=\"https:\/\/ecomud.ca\/wp-content\/uploads\/2022\/09\/ECOMUD2.1-61-scaled.jpg\" \/>\n\t<meta property=\"og:image:width\" content=\"2560\" \/>\n\t<meta property=\"og:image:height\" content=\"1707\" \/>\n\t<meta property=\"og:image:type\" content=\"image\/jpeg\" \/>\n<meta name=\"twitter:card\" content=\"summary_large_image\" \/>\n<script type=\"application\/ld+json\" class=\"yoast-schema-graph\">{\"@context\":\"https:\\\/\\\/schema.org\",\"@graph\":[{\"@type\":\"WebPage\",\"@id\":\"https:\\\/\\\/ecomud.ca\\\/fr\\\/meilleure-solution-traitement-des-boues-forage\\\/\",\"url\":\"https:\\\/\\\/ecomud.ca\\\/fr\\\/meilleure-solution-traitement-des-boues-forage\\\/\",\"name\":\"Meilleure solution de traitement des boues de forage - ECOMUD\",\"isPartOf\":{\"@id\":\"https:\\\/\\\/ecomud.ca\\\/#website\"},\"datePublished\":\"2022-06-08T10:29:47+00:00\",\"dateModified\":\"2025-11-19T21:54:23+00:00\",\"description\":\"ECOMUD est la meilleure solution de traitement des boues et des eaux g\u00e9n\u00e9r\u00e9es par le forage minier pour r\u00e9pondre aux normes environnementales.\",\"breadcrumb\":{\"@id\":\"https:\\\/\\\/ecomud.ca\\\/fr\\\/meilleure-solution-traitement-des-boues-forage\\\/#breadcrumb\"},\"inLanguage\":\"fr-FR\",\"potentialAction\":[{\"@type\":\"ReadAction\",\"target\":[\"https:\\\/\\\/ecomud.ca\\\/fr\\\/meilleure-solution-traitement-des-boues-forage\\\/\"]}]},{\"@type\":\"BreadcrumbList\",\"@id\":\"https:\\\/\\\/ecomud.ca\\\/fr\\\/meilleure-solution-traitement-des-boues-forage\\\/#breadcrumb\",\"itemListElement\":[{\"@type\":\"ListItem\",\"position\":1,\"name\":\"Home\",\"item\":\"https:\\\/\\\/ecomud.ca\\\/fr\\\/\"},{\"@type\":\"ListItem\",\"position\":2,\"name\":\"Pourquoi ECOMUD\"}]},{\"@type\":\"WebSite\",\"@id\":\"https:\\\/\\\/ecomud.ca\\\/#website\",\"url\":\"https:\\\/\\\/ecomud.ca\\\/\",\"name\":\"ECOMUD\",\"description\":\"A technology by ASDR\",\"publisher\":{\"@id\":\"https:\\\/\\\/ecomud.ca\\\/#organization\"},\"potentialAction\":[{\"@type\":\"SearchAction\",\"target\":{\"@type\":\"EntryPoint\",\"urlTemplate\":\"https:\\\/\\\/ecomud.ca\\\/?s={search_term_string}\"},\"query-input\":{\"@type\":\"PropertyValueSpecification\",\"valueRequired\":true,\"valueName\":\"search_term_string\"}}],\"inLanguage\":\"fr-FR\"},{\"@type\":\"Organization\",\"@id\":\"https:\\\/\\\/ecomud.ca\\\/#organization\",\"name\":\"ECOMUD\",\"url\":\"https:\\\/\\\/ecomud.ca\\\/\",\"logo\":{\"@type\":\"ImageObject\",\"inLanguage\":\"fr-FR\",\"@id\":\"https:\\\/\\\/ecomud.ca\\\/#\\\/schema\\\/logo\\\/image\\\/\",\"url\":\"https:\\\/\\\/ecomud.ca\\\/wp-content\\\/uploads\\\/2025\\\/11\\\/logo-ecomud-eng-horizontal_blanc.png\",\"contentUrl\":\"https:\\\/\\\/ecomud.ca\\\/wp-content\\\/uploads\\\/2025\\\/11\\\/logo-ecomud-eng-horizontal_blanc.png\",\"width\":757,\"height\":159,\"caption\":\"ECOMUD\"},\"image\":{\"@id\":\"https:\\\/\\\/ecomud.ca\\\/#\\\/schema\\\/logo\\\/image\\\/\"}}]}<\/script>\n<!-- \/ Yoast SEO plugin. -->","yoast_head_json":{"title":"Meilleure solution de traitement des boues de forage - ECOMUD","description":"ECOMUD est la meilleure solution de traitement des boues et des eaux g\u00e9n\u00e9r\u00e9es par le forage minier pour r\u00e9pondre aux normes environnementales.","robots":{"index":"index","follow":"nofollow","max-snippet":"max-snippet:-1","max-image-preview":"max-image-preview:large","max-video-preview":"max-video-preview:-1"},"canonical":"https:\/\/ecomud.ca\/fr\/meilleure-solution-traitement-des-boues-forage\/","og_locale":"fr_FR","og_type":"article","og_title":"Meilleure solution de traitement des boues - ECOMUD","og_description":"ECOMUD est la meilleure solution de traitement des boues et des eaux g\u00e9n\u00e9r\u00e9es par le forage minier pour r\u00e9pondre aux normes environnementales.","og_url":"https:\/\/ecomud.ca\/fr\/meilleure-solution-traitement-des-boues-forage\/","og_site_name":"ECOMUD","article_modified_time":"2025-11-19T21:54:23+00:00","og_image":[{"width":2560,"height":1707,"url":"https:\/\/ecomud.ca\/wp-content\/uploads\/2022\/09\/ECOMUD2.1-61-scaled.jpg","type":"image\/jpeg"}],"twitter_card":"summary_large_image","schema":{"@context":"https:\/\/schema.org","@graph":[{"@type":"WebPage","@id":"https:\/\/ecomud.ca\/fr\/meilleure-solution-traitement-des-boues-forage\/","url":"https:\/\/ecomud.ca\/fr\/meilleure-solution-traitement-des-boues-forage\/","name":"Meilleure solution de traitement des boues de forage - ECOMUD","isPartOf":{"@id":"https:\/\/ecomud.ca\/#website"},"datePublished":"2022-06-08T10:29:47+00:00","dateModified":"2025-11-19T21:54:23+00:00","description":"ECOMUD est la meilleure solution de traitement des boues et des eaux g\u00e9n\u00e9r\u00e9es par le forage minier pour r\u00e9pondre aux normes environnementales.","breadcrumb":{"@id":"https:\/\/ecomud.ca\/fr\/meilleure-solution-traitement-des-boues-forage\/#breadcrumb"},"inLanguage":"fr-FR","potentialAction":[{"@type":"ReadAction","target":["https:\/\/ecomud.ca\/fr\/meilleure-solution-traitement-des-boues-forage\/"]}]},{"@type":"BreadcrumbList","@id":"https:\/\/ecomud.ca\/fr\/meilleure-solution-traitement-des-boues-forage\/#breadcrumb","itemListElement":[{"@type":"ListItem","position":1,"name":"Home","item":"https:\/\/ecomud.ca\/fr\/"},{"@type":"ListItem","position":2,"name":"Pourquoi ECOMUD"}]},{"@type":"WebSite","@id":"https:\/\/ecomud.ca\/#website","url":"https:\/\/ecomud.ca\/","name":"ECOMUD","description":"A technology by ASDR","publisher":{"@id":"https:\/\/ecomud.ca\/#organization"},"potentialAction":[{"@type":"SearchAction","target":{"@type":"EntryPoint","urlTemplate":"https:\/\/ecomud.ca\/?s={search_term_string}"},"query-input":{"@type":"PropertyValueSpecification","valueRequired":true,"valueName":"search_term_string"}}],"inLanguage":"fr-FR"},{"@type":"Organization","@id":"https:\/\/ecomud.ca\/#organization","name":"ECOMUD","url":"https:\/\/ecomud.ca\/","logo":{"@type":"ImageObject","inLanguage":"fr-FR","@id":"https:\/\/ecomud.ca\/#\/schema\/logo\/image\/","url":"https:\/\/ecomud.ca\/wp-content\/uploads\/2025\/11\/logo-ecomud-eng-horizontal_blanc.png","contentUrl":"https:\/\/ecomud.ca\/wp-content\/uploads\/2025\/11\/logo-ecomud-eng-horizontal_blanc.png","width":757,"height":159,"caption":"ECOMUD"},"image":{"@id":"https:\/\/ecomud.ca\/#\/schema\/logo\/image\/"}}]}},"_links":{"self":[{"href":"https:\/\/ecomud.ca\/fr\/wp-json\/wp\/v2\/pages\/400","targetHints":{"allow":["GET"]}}],"collection":[{"href":"https:\/\/ecomud.ca\/fr\/wp-json\/wp\/v2\/pages"}],"about":[{"href":"https:\/\/ecomud.ca\/fr\/wp-json\/wp\/v2\/types\/page"}],"author":[{"embeddable":true,"href":"https:\/\/ecomud.ca\/fr\/wp-json\/wp\/v2\/users\/2"}],"replies":[{"embeddable":true,"href":"https:\/\/ecomud.ca\/fr\/wp-json\/wp\/v2\/comments?post=400"}],"version-history":[{"count":1,"href":"https:\/\/ecomud.ca\/fr\/wp-json\/wp\/v2\/pages\/400\/revisions"}],"predecessor-version":[{"id":1286,"href":"https:\/\/ecomud.ca\/fr\/wp-json\/wp\/v2\/pages\/400\/revisions\/1286"}],"wp:attachment":[{"href":"https:\/\/ecomud.ca\/fr\/wp-json\/wp\/v2\/media?parent=400"}],"curies":[{"name":"wp","href":"https:\/\/api.w.org\/{rel}","templated":true}]}}