{"id":395,"date":"2022-06-08T10:25:38","date_gmt":"2022-06-08T10:25:38","guid":{"rendered":"https:\/\/ecomud.wpengine.com\/applications\/"},"modified":"2025-11-19T20:16:28","modified_gmt":"2025-11-19T20:16:28","slug":"mines-forage-construction-tunnel","status":"publish","type":"page","link":"https:\/\/ecomud.ca\/fr\/mines-forage-construction-tunnel\/","title":{"rendered":"Applications"},"content":{"rendered":"","protected":false},"excerpt":{"rendered":"","protected":false},"author":2,"featured_media":0,"parent":0,"menu_order":0,"comment_status":"closed","ping_status":"closed","template":"","meta":{"inline_featured_image":false,"footnotes":""},"class_list":["post-395","page","type-page","status-publish","hentry"],"acf":[],"yoast_head":"<!-- This site is optimized with the Yoast SEO plugin v27.3 - https:\/\/yoast.com\/product\/yoast-seo-wordpress\/ -->\n<title>Applications du syst\u00e8me de gestion des boues - ECOMUD<\/title>\n<meta name=\"description\" content=\"ASDR a propos\u00e9 \u00e0 Eldorado Gold Qu\u00e9bec une solution compl\u00e8te et int\u00e9gr\u00e9e pour traiter les boues et les eaux du sous-traitant de forage minier.\" \/>\n<meta name=\"robots\" content=\"index, nofollow, max-snippet:-1, max-image-preview:large, max-video-preview:-1\" \/>\n<link rel=\"canonical\" href=\"https:\/\/ecomud.ca\/fr\/mines-forage-construction-tunnel\/\" \/>\n<meta property=\"og:locale\" content=\"fr_FR\" \/>\n<meta property=\"og:type\" content=\"article\" \/>\n<meta property=\"og:title\" content=\"Applications du syst\u00e8me de gestion des boues - ECOMUD\" \/>\n<meta property=\"og:description\" content=\"Les applications de ECOMUD incluent le forage minier, le forage souterrain et les activit\u00e9s de construction pour traiter les boues.\" \/>\n<meta property=\"og:url\" content=\"https:\/\/ecomud.ca\/fr\/mines-forage-construction-tunnel\/\" \/>\n<meta property=\"og:site_name\" content=\"ECOMUD\" \/>\n<meta property=\"article:modified_time\" content=\"2025-11-19T20:16:28+00:00\" \/>\n<meta property=\"og:image\" content=\"https:\/\/ecomud.ca\/wp-content\/uploads\/2022\/06\/img-construction.jpg\" \/>\n\t<meta property=\"og:image:width\" content=\"960\" \/>\n\t<meta property=\"og:image:height\" content=\"932\" \/>\n\t<meta property=\"og:image:type\" content=\"image\/jpeg\" \/>\n<meta name=\"twitter:card\" content=\"summary_large_image\" \/>\n<script type=\"application\/ld+json\" class=\"yoast-schema-graph\">{\"@context\":\"https:\\\/\\\/schema.org\",\"@graph\":[{\"@type\":\"WebPage\",\"@id\":\"https:\\\/\\\/ecomud.ca\\\/fr\\\/mines-forage-construction-tunnel\\\/\",\"url\":\"https:\\\/\\\/ecomud.ca\\\/fr\\\/mines-forage-construction-tunnel\\\/\",\"name\":\"Applications du syst\u00e8me de gestion des boues - ECOMUD\",\"isPartOf\":{\"@id\":\"https:\\\/\\\/ecomud.ca\\\/#website\"},\"datePublished\":\"2022-06-08T10:25:38+00:00\",\"dateModified\":\"2025-11-19T20:16:28+00:00\",\"description\":\"ASDR a propos\u00e9 \u00e0 Eldorado Gold Qu\u00e9bec une solution compl\u00e8te et int\u00e9gr\u00e9e pour traiter les boues et les eaux du sous-traitant de forage minier.\",\"breadcrumb\":{\"@id\":\"https:\\\/\\\/ecomud.ca\\\/fr\\\/mines-forage-construction-tunnel\\\/#breadcrumb\"},\"inLanguage\":\"fr-FR\",\"potentialAction\":[{\"@type\":\"ReadAction\",\"target\":[\"https:\\\/\\\/ecomud.ca\\\/fr\\\/mines-forage-construction-tunnel\\\/\"]}]},{\"@type\":\"BreadcrumbList\",\"@id\":\"https:\\\/\\\/ecomud.ca\\\/fr\\\/mines-forage-construction-tunnel\\\/#breadcrumb\",\"itemListElement\":[{\"@type\":\"ListItem\",\"position\":1,\"name\":\"Home\",\"item\":\"https:\\\/\\\/ecomud.ca\\\/fr\\\/\"},{\"@type\":\"ListItem\",\"position\":2,\"name\":\"Applications\"}]},{\"@type\":\"WebSite\",\"@id\":\"https:\\\/\\\/ecomud.ca\\\/#website\",\"url\":\"https:\\\/\\\/ecomud.ca\\\/\",\"name\":\"ECOMUD\",\"description\":\"A technology by ASDR\",\"publisher\":{\"@id\":\"https:\\\/\\\/ecomud.ca\\\/#organization\"},\"potentialAction\":[{\"@type\":\"SearchAction\",\"target\":{\"@type\":\"EntryPoint\",\"urlTemplate\":\"https:\\\/\\\/ecomud.ca\\\/?s={search_term_string}\"},\"query-input\":{\"@type\":\"PropertyValueSpecification\",\"valueRequired\":true,\"valueName\":\"search_term_string\"}}],\"inLanguage\":\"fr-FR\"},{\"@type\":\"Organization\",\"@id\":\"https:\\\/\\\/ecomud.ca\\\/#organization\",\"name\":\"ECOMUD\",\"url\":\"https:\\\/\\\/ecomud.ca\\\/\",\"logo\":{\"@type\":\"ImageObject\",\"inLanguage\":\"fr-FR\",\"@id\":\"https:\\\/\\\/ecomud.ca\\\/#\\\/schema\\\/logo\\\/image\\\/\",\"url\":\"https:\\\/\\\/ecomud.ca\\\/wp-content\\\/uploads\\\/2025\\\/11\\\/logo-ecomud-eng-horizontal_blanc.png\",\"contentUrl\":\"https:\\\/\\\/ecomud.ca\\\/wp-content\\\/uploads\\\/2025\\\/11\\\/logo-ecomud-eng-horizontal_blanc.png\",\"width\":757,\"height\":159,\"caption\":\"ECOMUD\"},\"image\":{\"@id\":\"https:\\\/\\\/ecomud.ca\\\/#\\\/schema\\\/logo\\\/image\\\/\"}}]}<\/script>\n<!-- \/ Yoast SEO plugin. -->","yoast_head_json":{"title":"Applications du syst\u00e8me de gestion des boues - ECOMUD","description":"ASDR a propos\u00e9 \u00e0 Eldorado Gold Qu\u00e9bec une solution compl\u00e8te et int\u00e9gr\u00e9e pour traiter les boues et les eaux du sous-traitant de forage minier.","robots":{"index":"index","follow":"nofollow","max-snippet":"max-snippet:-1","max-image-preview":"max-image-preview:large","max-video-preview":"max-video-preview:-1"},"canonical":"https:\/\/ecomud.ca\/fr\/mines-forage-construction-tunnel\/","og_locale":"fr_FR","og_type":"article","og_title":"Applications du syst\u00e8me de gestion des boues - ECOMUD","og_description":"Les applications de ECOMUD incluent le forage minier, le forage souterrain et les activit\u00e9s de construction pour traiter les boues.","og_url":"https:\/\/ecomud.ca\/fr\/mines-forage-construction-tunnel\/","og_site_name":"ECOMUD","article_modified_time":"2025-11-19T20:16:28+00:00","og_image":[{"width":960,"height":932,"url":"https:\/\/ecomud.ca\/wp-content\/uploads\/2022\/06\/img-construction.jpg","type":"image\/jpeg"}],"twitter_card":"summary_large_image","schema":{"@context":"https:\/\/schema.org","@graph":[{"@type":"WebPage","@id":"https:\/\/ecomud.ca\/fr\/mines-forage-construction-tunnel\/","url":"https:\/\/ecomud.ca\/fr\/mines-forage-construction-tunnel\/","name":"Applications du syst\u00e8me de gestion des boues - ECOMUD","isPartOf":{"@id":"https:\/\/ecomud.ca\/#website"},"datePublished":"2022-06-08T10:25:38+00:00","dateModified":"2025-11-19T20:16:28+00:00","description":"ASDR a propos\u00e9 \u00e0 Eldorado Gold Qu\u00e9bec une solution compl\u00e8te et int\u00e9gr\u00e9e pour traiter les boues et les eaux du sous-traitant de forage minier.","breadcrumb":{"@id":"https:\/\/ecomud.ca\/fr\/mines-forage-construction-tunnel\/#breadcrumb"},"inLanguage":"fr-FR","potentialAction":[{"@type":"ReadAction","target":["https:\/\/ecomud.ca\/fr\/mines-forage-construction-tunnel\/"]}]},{"@type":"BreadcrumbList","@id":"https:\/\/ecomud.ca\/fr\/mines-forage-construction-tunnel\/#breadcrumb","itemListElement":[{"@type":"ListItem","position":1,"name":"Home","item":"https:\/\/ecomud.ca\/fr\/"},{"@type":"ListItem","position":2,"name":"Applications"}]},{"@type":"WebSite","@id":"https:\/\/ecomud.ca\/#website","url":"https:\/\/ecomud.ca\/","name":"ECOMUD","description":"A technology by ASDR","publisher":{"@id":"https:\/\/ecomud.ca\/#organization"},"potentialAction":[{"@type":"SearchAction","target":{"@type":"EntryPoint","urlTemplate":"https:\/\/ecomud.ca\/?s={search_term_string}"},"query-input":{"@type":"PropertyValueSpecification","valueRequired":true,"valueName":"search_term_string"}}],"inLanguage":"fr-FR"},{"@type":"Organization","@id":"https:\/\/ecomud.ca\/#organization","name":"ECOMUD","url":"https:\/\/ecomud.ca\/","logo":{"@type":"ImageObject","inLanguage":"fr-FR","@id":"https:\/\/ecomud.ca\/#\/schema\/logo\/image\/","url":"https:\/\/ecomud.ca\/wp-content\/uploads\/2025\/11\/logo-ecomud-eng-horizontal_blanc.png","contentUrl":"https:\/\/ecomud.ca\/wp-content\/uploads\/2025\/11\/logo-ecomud-eng-horizontal_blanc.png","width":757,"height":159,"caption":"ECOMUD"},"image":{"@id":"https:\/\/ecomud.ca\/#\/schema\/logo\/image\/"}}]}},"_links":{"self":[{"href":"https:\/\/ecomud.ca\/fr\/wp-json\/wp\/v2\/pages\/395","targetHints":{"allow":["GET"]}}],"collection":[{"href":"https:\/\/ecomud.ca\/fr\/wp-json\/wp\/v2\/pages"}],"about":[{"href":"https:\/\/ecomud.ca\/fr\/wp-json\/wp\/v2\/types\/page"}],"author":[{"embeddable":true,"href":"https:\/\/ecomud.ca\/fr\/wp-json\/wp\/v2\/users\/2"}],"replies":[{"embeddable":true,"href":"https:\/\/ecomud.ca\/fr\/wp-json\/wp\/v2\/comments?post=395"}],"version-history":[{"count":3,"href":"https:\/\/ecomud.ca\/fr\/wp-json\/wp\/v2\/pages\/395\/revisions"}],"predecessor-version":[{"id":1283,"href":"https:\/\/ecomud.ca\/fr\/wp-json\/wp\/v2\/pages\/395\/revisions\/1283"}],"wp:attachment":[{"href":"https:\/\/ecomud.ca\/fr\/wp-json\/wp\/v2\/media?parent=395"}],"curies":[{"name":"wp","href":"https:\/\/api.w.org\/{rel}","templated":true}]}}